{"id":1729,"date":"2024-11-25T17:47:40","date_gmt":"2024-11-25T17:47:40","guid":{"rendered":"https:\/\/eauxdouces78.fr\/?page_id=1729"},"modified":"2025-02-19T11:46:43","modified_gmt":"2025-02-19T11:46:43","slug":"mentions-legales","status":"publish","type":"page","link":"https:\/\/eauxdouces78.fr\/ru\/mentions-legales\/","title":{"rendered":"\u042e\u0440\u0438\u0434\u0438\u0447\u0435\u0441\u043a\u0430\u044f \u0438\u043d\u0444\u043e\u0440\u043c\u0430\u0446\u0438\u044f"},"content":{"rendered":"<div data-elementor-type=\"wp-page\" data-elementor-id=\"1729\" class=\"elementor elementor-1729\" data-elementor-post-type=\"page\">\n\t\t\t\t<div class=\"elementor-element elementor-element-33729ec e-flex e-con-boxed wpr-particle-no wpr-jarallax-no wpr-parallax-no wpr-sticky-section-no wpr-equal-height-no e-con e-parent\" data-id=\"33729ec\" data-element_type=\"container\" data-e-type=\"container\">\n\t\t\t\t\t<div class=\"e-con-inner\">\n\t\t\t\t<div class=\"elementor-element elementor-element-1c6ff00 elementor-widget elementor-widget-text-editor\" data-id=\"1c6ff00\" data-element_type=\"widget\" data-e-type=\"widget\" data-widget_type=\"text-editor.default\">\n\t\t\t\t<div class=\"elementor-widget-container\">\n\t\t\t\t\t\t\t\t\t<p><strong>\u042e\u0440\u0438\u0434\u0438\u0447\u0435\u0441\u043a\u0430\u044f \u0438\u043d\u0444\u043e\u0440\u043c\u0430\u0446\u0438\u044f<\/strong><\/p><p>\u0421\u0430\u0439\u0442 eauxdouces78.fr \u043f\u0443\u0431\u043b\u0438\u043a\u0443\u0435\u0442\u0441\u044f \u0438\u0437\u0434\u0430\u0442\u0435\u043b\u044c\u0441\u0442\u0432\u043e\u043c LA SCENE.<\/p><p><strong>\u0421\u0426\u0415\u041d\u0410<\/strong><\/p><p>14 \u0411\u0443\u043b\u044c\u0432\u0430\u0440 \u0434\u0435 \u043b\u0430 \u043c\u0438\u0441\u0441\u0438\u044f \u043c\u0430\u0440\u0448\u0430\u043d<\/p><p>92400 \u041a\u0423\u0420\u0411\u0415\u0412\u0423\u0410<br \/>\u0422\u0435\u043b.: 09.56.09.99.09<br \/>E-mail: contact@eauxdouces78.fr<br \/>R.C.S. Nanterre B 529 898 066<\/p><p>SIRET: 52989806600046<br \/>\u0414\u0438\u0440\u0435\u043a\u0442\u043e\u0440 \u043f\u043e \u0438\u0437\u0434\u0430\u043d\u0438\u044e:<br \/>\u0414\u0436\u0430\u043a \u0423\u043b\u0443\u0441\u043e\u0439<\/p><p><strong>\u0412\u0415\u0411\u041c\u0410\u0421\u0422\u0415\u0420<\/strong><\/p><p>\u042d\u0442\u043e\u0442 \u0441\u0430\u0439\u0442 \u0440\u0430\u0437\u043c\u0435\u0449\u0435\u043d \u043d\u0430 \u0441\u0430\u0439\u0442\u0435 :<\/p><p><strong>Hostinger<\/strong><\/p><p>\u0425\u043e\u0441\u0442\u0438\u043d\u0433\u0435\u0440\u0441\u043a\u0438\u0435 \u043e\u043f\u0435\u0440\u0430\u0446\u0438\u0438, UAB<\/p><p>\u0423\u043b. \u0428\u0432\u0438\u0442\u0440\u0438\u0433\u0430\u0439\u043b\u043e\u0441\u0430, 34, \u0412\u0438\u043b\u044c\u043d\u044e\u0441 03230 \u041b\u0438\u0442\u0432\u0430<\/p><p><strong>\u041a\u041e\u041d\u0424\u0418\u0414\u0415\u041d\u0426\u0418\u0410\u041b\u042c\u041d\u041e\u0421\u0422\u042c \u0418 \u0417\u0410\u0429\u0418\u0422\u0410 \u0414\u0410\u041d\u041d\u042b\u0425<\/strong><\/p><p>\u0412 \u0441\u043e\u043e\u0442\u0432\u0435\u0442\u0441\u0442\u0432\u0438\u0438 \u0441 \u0444\u0440\u0430\u043d\u0446\u0443\u0437\u0441\u043a\u0438\u043c \u0437\u0430\u043a\u043e\u043d\u043e\u043c \u043e \u0437\u0430\u0449\u0438\u0442\u0435 \u0434\u0430\u043d\u043d\u044b\u0445 \u043e\u0442 06 \u044f\u043d\u0432\u0430\u0440\u044f 1978 \u0433\u043e\u0434\u0430, \u0432\u044b \u043c\u043e\u0436\u0435\u0442\u0435 \u0432 \u043b\u044e\u0431\u043e\u0435 \u0432\u0440\u0435\u043c\u044f \u0438\u0437\u043c\u0435\u043d\u0438\u0442\u044c \u0438\u043b\u0438 \u0443\u0434\u0430\u043b\u0438\u0442\u044c \u0441\u0432\u043e\u0438 \u0440\u0435\u0433\u0438\u0441\u0442\u0440\u0430\u0446\u0438\u043e\u043d\u043d\u044b\u0435 \u0434\u0430\u043d\u043d\u044b\u0435. \u041f\u043e\u0441\u043a\u043e\u043b\u044c\u043a\u0443 \u044d\u0442\u0430 \u0438\u043d\u0444\u043e\u0440\u043c\u0430\u0446\u0438\u044f \u044f\u0432\u043b\u044f\u0435\u0442\u0441\u044f \u043a\u043e\u043d\u0444\u0438\u0434\u0435\u043d\u0446\u0438\u0430\u043b\u044c\u043d\u043e\u0439, LA SCENE \u043e\u0431\u044f\u0437\u0443\u0435\u0442\u0441\u044f \u0435\u0435 \u0437\u0430\u0449\u0438\u0449\u0430\u0442\u044c.<\/p><p>\u0412\u044b \u0438\u043c\u0435\u0435\u0442\u0435 \u043f\u0440\u0430\u0432\u043e \u043d\u0430 \u0434\u043e\u0441\u0442\u0443\u043f, \u0438\u0437\u043c\u0435\u043d\u0435\u043d\u0438\u0435, \u0438\u0441\u043f\u0440\u0430\u0432\u043b\u0435\u043d\u0438\u0435 \u0438 \u0443\u0434\u0430\u043b\u0435\u043d\u0438\u0435 \u043a\u0430\u0441\u0430\u044e\u0449\u0438\u0445\u0441\u044f \u0432\u0430\u0441 \u0434\u0430\u043d\u043d\u044b\u0445 (\u0441\u0442. 34 \u0444\u0440\u0430\u043d\u0446\u0443\u0437\u0441\u043a\u043e\u0433\u043e \u0417\u0430\u043a\u043e\u043d\u0430 \u043e \u0437\u0430\u0449\u0438\u0442\u0435 \u0434\u0430\u043d\u043d\u044b\u0445). \u0412\u044b \u043c\u043e\u0436\u0435\u0442\u0435 \u0432\u043e\u0441\u043f\u043e\u043b\u044c\u0437\u043e\u0432\u0430\u0442\u044c\u0441\u044f \u044d\u0442\u0438\u043c \u043f\u0440\u0430\u0432\u043e\u043c \u043d\u0435\u043f\u043e\u0441\u0440\u0435\u0434\u0441\u0442\u0432\u0435\u043d\u043d\u043e \u043d\u0430 \u0441\u043e\u043e\u0442\u0432\u0435\u0442\u0441\u0442\u0432\u0443\u044e\u0449\u0438\u0445 \u0441\u0430\u0439\u0442\u0430\u0445 \u0438\u043b\u0438 \u0441\u0432\u044f\u0437\u0430\u0432\u0448\u0438\u0441\u044c \u0441 \u043d\u0430\u043c\u0438:<\/p><p><strong>\u0421\u0426\u0415\u041d\u0410<\/strong><\/p><p>14 \u0411\u0443\u043b\u044c\u0432\u0430\u0440 \u0434\u0435 \u043b\u0430 \u043c\u0438\u0441\u0441\u0438\u044f \u043c\u0430\u0440\u0448\u0430\u043d<\/p><p>92400 \u041a\u0423\u0420\u0411\u0415\u0412\u0423\u0410<br \/>\u0422\u0435\u043b.: 09.56.09.99.09<br \/>E-mail: contact@eauxdouces78.fr<\/p>\t\t\t\t\t\t\t\t<\/div>\n\t\t\t\t<\/div>\n\t\t\t\t\t<\/div>\n\t\t\t\t<\/div>\n\t\t\t\t<\/div>","protected":false},"excerpt":{"rendered":"<p>\u042e\u0440\u0438\u0434\u0438\u0447\u0435\u0441\u043a\u0430\u044f \u0438\u043d\u0444\u043e\u0440\u043c\u0430\u0446\u0438\u044f eauxdouces78.fr \u043f\u0443\u0431\u043b\u0438\u043a\u0443\u0435\u0442\u0441\u044f LA SCENE. LA SCENE 14 Boulevard de la mission marchand 92400 COURBEVOIETel: 09.56.09.99.09E-mail: contact@eauxdouces78.frR.C.S. Nanterre B 529 898 066 SIRET: 52989806600046Publishing Director:Jak Ulusoy HOSTINGER This site is hosted by : Hostinger HOSTINGER operations, UAB \u0160vitrigailos str. 34, Vilnius 03230 Lithuania \u041a\u041e\u041d\u0424\u0418\u0414\u0415\u041d\u0426\u0418\u0410\u041b\u042c\u041d\u041e\u0421\u0422\u042c \u0418 \u0417\u0410\u0429\u0418\u0422\u0410 \u0414\u0410\u041d\u041d\u042b\u0425 \u0412 \u0441\u043e\u043e\u0442\u0432\u0435\u0442\u0441\u0442\u0432\u0438\u0438 \u0441 \u0444\u0440\u0430\u043d\u0446\u0443\u0437\u0441\u043a\u0438\u043c \u0437\u0430\u043a\u043e\u043d\u043e\u043c \u043e \u0437\u0430\u0449\u0438\u0442\u0435 \u0434\u0430\u043d\u043d\u044b\u0445 \u043e\u0442 06 \u044f\u043d\u0432\u0430\u0440\u044f 1978 \u0433\u043e\u0434\u0430, \u0432\u044b \u043c\u043e\u0436\u0435\u0442\u0435 \u0432 \u043b\u044e\u0431\u043e\u0435 \u0432\u0440\u0435\u043c\u044f \u0438\u0437\u043c\u0435\u043d\u0438\u0442\u044c \u0438\u043b\u0438 \u0443\u0434\u0430\u043b\u0438\u0442\u044c \u0441\u0432\u043e\u0438 \u0440\u0435\u0433\u0438\u0441\u0442\u0440\u0430\u0446\u0438\u043e\u043d\u043d\u044b\u0435 \u0434\u0430\u043d\u043d\u044b\u0435. \u041f\u043e\u0441\u043a\u043e\u043b\u044c\u043a\u0443 \u044d\u0442\u0430 \u0438\u043d\u0444\u043e\u0440\u043c\u0430\u0446\u0438\u044f \u044f\u0432\u043b\u044f\u0435\u0442\u0441\u044f \u043a\u043e\u043d\u0444\u0438\u0434\u0435\u043d\u0446\u0438\u0430\u043b\u044c\u043d\u043e\u0439, LA SCENE \u043e\u0431\u044f\u0437\u0443\u0435\u0442\u0441\u044f \u0435\u0435 \u0437\u0430\u0449\u0438\u0449\u0430\u0442\u044c. \u0412\u044b \u0438\u043c\u0435\u0435\u0442\u0435 \u043f\u0440\u0430\u0432\u043e \u043d\u0430 \u0434\u043e\u0441\u0442\u0443\u043f, \u0438\u0437\u043c\u0435\u043d\u0435\u043d\u0438\u0435, \u0438\u0441\u043f\u0440\u0430\u0432\u043b\u0435\u043d\u0438\u0435 \u0438 \u0443\u0434\u0430\u043b\u0435\u043d\u0438\u0435 \u043a\u0430\u0441\u0430\u044e\u0449\u0438\u0445\u0441\u044f \u0432\u0430\u0441 \u0434\u0430\u043d\u043d\u044b\u0445 (\u0441\u0442. 34 \u0417\u0430\u043a\u043e\u043d\u0430 \u0424\u0440\u0430\u043d\u0446\u0438\u0438 \u043e \u0437\u0430\u0449\u0438\u0442\u0435 \u0434\u0430\u043d\u043d\u044b\u0445). \u0412\u044b \u043c\u043e\u0436\u0435\u0442\u0435 \u0432\u043e\u0441\u043f\u043e\u043b\u044c\u0437\u043e\u0432\u0430\u0442\u044c\u0441\u044f \u044d\u0442\u0438\u043c \u043f\u0440\u0430\u0432\u043e\u043c \u043d\u0435\u043f\u043e\u0441\u0440\u0435\u0434\u0441\u0442\u0432\u0435\u043d\u043d\u043e \u043d\u0430 \u0441\u043e\u043e\u0442\u0432\u0435\u0442\u0441\u0442\u0432\u0443\u044e\u0449\u0438\u0445 \u0441\u0430\u0439\u0442\u0430\u0445 \u0438\u043b\u0438 \u0441\u0432\u044f\u0437\u0430\u0432\u0448\u0438\u0441\u044c \u0441 \u043d\u0430\u043c\u0438: LA SCENE 14 Boulevard de la mission marchand 92400 COURBEVOIETel: 09.56.09.99.09E-mail: contact@eauxdouces78.fr<\/p>","protected":false},"author":1,"featured_media":0,"parent":0,"menu_order":0,"comment_status":"closed","ping_status":"closed","template":"","meta":{"footnotes":""},"class_list":["post-1729","page","type-page","status-publish","hentry"],"yoast_head":"<!-- This site is optimized with the Yoast SEO plugin v27.5 - https:\/\/yoast.com\/product\/yoast-seo-wordpress\/ -->\n<title>Mentions l\u00e9gales - Eaux Douces<\/title>\n<meta name=\"robots\" content=\"noindex, nofollow\" \/>\n<meta property=\"og:locale\" content=\"ru_RU\" \/>\n<meta property=\"og:type\" content=\"article\" \/>\n<meta property=\"og:title\" content=\"Mentions l\u00e9gales - Eaux Douces\" \/>\n<meta property=\"og:description\" content=\"Mentions l\u00e9gales eauxdouces78.fr est \u00e9dit\u00e9 par la soci\u00e9t\u00e9 LA SCENE. LA SCENE 14 Boulevard de la mission marchand 92400 COURBEVOIET\u00e9l. : 09.56.09.99.09E-mail : contact@eauxdouces78.frR.C.S. Nanterre B 529 898 066 SIRET\u00a0: 52989806600046Directeur de la Publication :Jak Ulusoy HEBERGEUR Ce site est h\u00e9berg\u00e9 par : Hostinger HOSTINGER operations, UAB \u0160vitrigailos str. 34, Vilnius 03230 Lithuania CONFIDENTIALITE ET PROTECTION DES DONNEES Conform\u00e9ment \u00e0 la loi informatique et libert\u00e9s du 06 janvier 1978, vous pouvez \u00e0 tout moment modifier ou supprimer les renseignements li\u00e9s \u00e0 votre inscription. Ces informations vous concernant \u00e9tant confidentielles,\u00a0LA SCENE s\u2019engage \u00e0 les prot\u00e9ger. Vous disposez d\u2019un droit d\u2019acc\u00e8s, de modification, de rectification et de suppression des donn\u00e9es qui vous concernent (art. 34 de la loi \u00ab\u00a0Informatique et Libert\u00e9s\u00a0\u00bb). Vous pouvez exercer ce droit directement sur les sites concern\u00e9s ou en nous contactant : LA SCENE 14 Boulevard de la mission marchand 92400 COURBEVOIET\u00e9l. : 09.56.09.99.09E-mail : contact@eauxdouces78.fr\" \/>\n<meta property=\"og:url\" content=\"https:\/\/eauxdouces78.fr\/ru\/mentions-legales\/\" \/>\n<meta property=\"og:site_name\" content=\"Eaux Douces\" \/>\n<meta property=\"article:modified_time\" content=\"2025-02-19T11:46:43+00:00\" \/>\n<meta name=\"twitter:card\" content=\"summary_large_image\" \/>\n<meta name=\"twitter:label1\" content=\"\u041f\u0440\u0438\u043c\u0435\u0440\u043d\u043e\u0435 \u0432\u0440\u0435\u043c\u044f \u0434\u043b\u044f \u0447\u0442\u0435\u043d\u0438\u044f\" \/>\n\t<meta name=\"twitter:data1\" content=\"1 \u043c\u0438\u043d\u0443\u0442\u0430\" \/>\n<script type=\"application\/ld+json\" class=\"yoast-schema-graph\">{\"@context\":\"https:\\\/\\\/schema.org\",\"@graph\":[{\"@type\":\"WebPage\",\"@id\":\"https:\\\/\\\/eauxdouces78.fr\\\/mentions-legales\\\/\",\"url\":\"https:\\\/\\\/eauxdouces78.fr\\\/mentions-legales\\\/\",\"name\":\"Mentions l\u00e9gales - Eaux Douces\",\"isPartOf\":{\"@id\":\"https:\\\/\\\/eauxdouces78.fr\\\/#website\"},\"datePublished\":\"2024-11-25T17:47:40+00:00\",\"dateModified\":\"2025-02-19T11:46:43+00:00\",\"breadcrumb\":{\"@id\":\"https:\\\/\\\/eauxdouces78.fr\\\/mentions-legales\\\/#breadcrumb\"},\"inLanguage\":\"ru-RU\",\"potentialAction\":[{\"@type\":\"ReadAction\",\"target\":[\"https:\\\/\\\/eauxdouces78.fr\\\/mentions-legales\\\/\"]}]},{\"@type\":\"BreadcrumbList\",\"@id\":\"https:\\\/\\\/eauxdouces78.fr\\\/mentions-legales\\\/#breadcrumb\",\"itemListElement\":[{\"@type\":\"ListItem\",\"position\":1,\"name\":\"Accueil\",\"item\":\"https:\\\/\\\/eauxdouces78.fr\\\/\"},{\"@type\":\"ListItem\",\"position\":2,\"name\":\"Mentions l\u00e9gales\"}]},{\"@type\":\"WebSite\",\"@id\":\"https:\\\/\\\/eauxdouces78.fr\\\/#website\",\"url\":\"https:\\\/\\\/eauxdouces78.fr\\\/\",\"name\":\"Eaux Douces\",\"description\":\"Chez vous ailleurs...\",\"publisher\":{\"@id\":\"https:\\\/\\\/eauxdouces78.fr\\\/#organization\"},\"potentialAction\":[{\"@type\":\"SearchAction\",\"target\":{\"@type\":\"EntryPoint\",\"urlTemplate\":\"https:\\\/\\\/eauxdouces78.fr\\\/?s={search_term_string}\"},\"query-input\":{\"@type\":\"PropertyValueSpecification\",\"valueRequired\":true,\"valueName\":\"search_term_string\"}}],\"inLanguage\":\"ru-RU\"},{\"@type\":\"Organization\",\"@id\":\"https:\\\/\\\/eauxdouces78.fr\\\/#organization\",\"name\":\"Eaux Douces\",\"url\":\"https:\\\/\\\/eauxdouces78.fr\\\/\",\"logo\":{\"@type\":\"ImageObject\",\"inLanguage\":\"ru-RU\",\"@id\":\"https:\\\/\\\/eauxdouces78.fr\\\/#\\\/schema\\\/logo\\\/image\\\/\",\"url\":\"https:\\\/\\\/eauxdouces78.fr\\\/wp-content\\\/uploads\\\/2025\\\/01\\\/cropped-logo-eaux-douces-final-e1737733171310.png\",\"contentUrl\":\"https:\\\/\\\/eauxdouces78.fr\\\/wp-content\\\/uploads\\\/2025\\\/01\\\/cropped-logo-eaux-douces-final-e1737733171310.png\",\"width\":710,\"height\":228,\"caption\":\"Eaux Douces\"},\"image\":{\"@id\":\"https:\\\/\\\/eauxdouces78.fr\\\/#\\\/schema\\\/logo\\\/image\\\/\"}}]}<\/script>\n<!-- \/ Yoast SEO plugin. -->","yoast_head_json":{"title":"Mentions l\u00e9gales - Eaux Douces","robots":{"index":"noindex","follow":"nofollow"},"og_locale":"ru_RU","og_type":"article","og_title":"Mentions l\u00e9gales - Eaux Douces","og_description":"Mentions l\u00e9gales eauxdouces78.fr est \u00e9dit\u00e9 par la soci\u00e9t\u00e9 LA SCENE. LA SCENE 14 Boulevard de la mission marchand 92400 COURBEVOIET\u00e9l. : 09.56.09.99.09E-mail : contact@eauxdouces78.frR.C.S. Nanterre B 529 898 066 SIRET\u00a0: 52989806600046Directeur de la Publication :Jak Ulusoy HEBERGEUR Ce site est h\u00e9berg\u00e9 par : Hostinger HOSTINGER operations, UAB \u0160vitrigailos str. 34, Vilnius 03230 Lithuania CONFIDENTIALITE ET PROTECTION DES DONNEES Conform\u00e9ment \u00e0 la loi informatique et libert\u00e9s du 06 janvier 1978, vous pouvez \u00e0 tout moment modifier ou supprimer les renseignements li\u00e9s \u00e0 votre inscription. Ces informations vous concernant \u00e9tant confidentielles,\u00a0LA SCENE s\u2019engage \u00e0 les prot\u00e9ger. Vous disposez d\u2019un droit d\u2019acc\u00e8s, de modification, de rectification et de suppression des donn\u00e9es qui vous concernent (art. 34 de la loi \u00ab\u00a0Informatique et Libert\u00e9s\u00a0\u00bb). Vous pouvez exercer ce droit directement sur les sites concern\u00e9s ou en nous contactant : LA SCENE 14 Boulevard de la mission marchand 92400 COURBEVOIET\u00e9l. : 09.56.09.99.09E-mail : contact@eauxdouces78.fr","og_url":"https:\/\/eauxdouces78.fr\/ru\/mentions-legales\/","og_site_name":"Eaux Douces","article_modified_time":"2025-02-19T11:46:43+00:00","twitter_card":"summary_large_image","twitter_misc":{"\u041f\u0440\u0438\u043c\u0435\u0440\u043d\u043e\u0435 \u0432\u0440\u0435\u043c\u044f \u0434\u043b\u044f \u0447\u0442\u0435\u043d\u0438\u044f":"1 \u043c\u0438\u043d\u0443\u0442\u0430"},"schema":{"@context":"https:\/\/schema.org","@graph":[{"@type":"WebPage","@id":"https:\/\/eauxdouces78.fr\/mentions-legales\/","url":"https:\/\/eauxdouces78.fr\/mentions-legales\/","name":"Mentions l\u00e9gales - Eaux Douces","isPartOf":{"@id":"https:\/\/eauxdouces78.fr\/#website"},"datePublished":"2024-11-25T17:47:40+00:00","dateModified":"2025-02-19T11:46:43+00:00","breadcrumb":{"@id":"https:\/\/eauxdouces78.fr\/mentions-legales\/#breadcrumb"},"inLanguage":"ru-RU","potentialAction":[{"@type":"ReadAction","target":["https:\/\/eauxdouces78.fr\/mentions-legales\/"]}]},{"@type":"BreadcrumbList","@id":"https:\/\/eauxdouces78.fr\/mentions-legales\/#breadcrumb","itemListElement":[{"@type":"ListItem","position":1,"name":"Accueil","item":"https:\/\/eauxdouces78.fr\/"},{"@type":"ListItem","position":2,"name":"Mentions l\u00e9gales"}]},{"@type":"WebSite","@id":"https:\/\/eauxdouces78.fr\/#website","url":"https:\/\/eauxdouces78.fr\/","name":"\u041f\u0440\u0435\u0441\u043d\u043e\u0432\u043e\u0434\u043d\u044b\u0435","description":"\u0414\u043e\u043c\u0430, \u0432 \u0434\u0440\u0443\u0433\u0438\u0445 \u043c\u0435\u0441\u0442\u0430\u0445...","publisher":{"@id":"https:\/\/eauxdouces78.fr\/#organization"},"potentialAction":[{"@type":"SearchAction","target":{"@type":"EntryPoint","urlTemplate":"https:\/\/eauxdouces78.fr\/?s={search_term_string}"},"query-input":{"@type":"PropertyValueSpecification","valueRequired":true,"valueName":"search_term_string"}}],"inLanguage":"ru-RU"},{"@type":"Organization","@id":"https:\/\/eauxdouces78.fr\/#organization","name":"\u041f\u0440\u0435\u0441\u043d\u043e\u0432\u043e\u0434\u043d\u044b\u0435","url":"https:\/\/eauxdouces78.fr\/","logo":{"@type":"ImageObject","inLanguage":"ru-RU","@id":"https:\/\/eauxdouces78.fr\/#\/schema\/logo\/image\/","url":"https:\/\/eauxdouces78.fr\/wp-content\/uploads\/2025\/01\/cropped-logo-eaux-douces-final-e1737733171310.png","contentUrl":"https:\/\/eauxdouces78.fr\/wp-content\/uploads\/2025\/01\/cropped-logo-eaux-douces-final-e1737733171310.png","width":710,"height":228,"caption":"Eaux Douces"},"image":{"@id":"https:\/\/eauxdouces78.fr\/#\/schema\/logo\/image\/"}}]}},"_links":{"self":[{"href":"https:\/\/eauxdouces78.fr\/ru\/wp-json\/wp\/v2\/pages\/1729","targetHints":{"allow":["GET"]}}],"collection":[{"href":"https:\/\/eauxdouces78.fr\/ru\/wp-json\/wp\/v2\/pages"}],"about":[{"href":"https:\/\/eauxdouces78.fr\/ru\/wp-json\/wp\/v2\/types\/page"}],"author":[{"embeddable":true,"href":"https:\/\/eauxdouces78.fr\/ru\/wp-json\/wp\/v2\/users\/1"}],"replies":[{"embeddable":true,"href":"https:\/\/eauxdouces78.fr\/ru\/wp-json\/wp\/v2\/comments?post=1729"}],"version-history":[{"count":13,"href":"https:\/\/eauxdouces78.fr\/ru\/wp-json\/wp\/v2\/pages\/1729\/revisions"}],"predecessor-version":[{"id":1999,"href":"https:\/\/eauxdouces78.fr\/ru\/wp-json\/wp\/v2\/pages\/1729\/revisions\/1999"}],"wp:attachment":[{"href":"https:\/\/eauxdouces78.fr\/ru\/wp-json\/wp\/v2\/media?parent=1729"}],"curies":[{"name":"wp","href":"https:\/\/api.w.org\/{rel}","templated":true}]}}