{"id":1729,"date":"2024-11-25T17:47:40","date_gmt":"2024-11-25T17:47:40","guid":{"rendered":"https:\/\/eauxdouces78.fr\/?page_id=1729"},"modified":"2025-02-19T11:46:43","modified_gmt":"2025-02-19T11:46:43","slug":"mentions-legales","status":"publish","type":"page","link":"https:\/\/eauxdouces78.fr\/es\/mentions-legales\/","title":{"rendered":"Informaci\u00f3n jur\u00eddica"},"content":{"rendered":"<div data-elementor-type=\"wp-page\" data-elementor-id=\"1729\" class=\"elementor elementor-1729\" data-elementor-post-type=\"page\">\n\t\t\t\t<div class=\"elementor-element elementor-element-33729ec e-flex e-con-boxed wpr-particle-no wpr-jarallax-no wpr-parallax-no wpr-sticky-section-no wpr-equal-height-no e-con e-parent\" data-id=\"33729ec\" data-element_type=\"container\" data-e-type=\"container\">\n\t\t\t\t\t<div class=\"e-con-inner\">\n\t\t\t\t<div class=\"elementor-element elementor-element-1c6ff00 elementor-widget elementor-widget-text-editor\" data-id=\"1c6ff00\" data-element_type=\"widget\" data-e-type=\"widget\" data-widget_type=\"text-editor.default\">\n\t\t\t\t<div class=\"elementor-widget-container\">\n\t\t\t\t\t\t\t\t\t<p><strong>Informaci\u00f3n jur\u00eddica<\/strong><\/p><p>eauxdouces78.fr est\u00e1 editado por LA SCENE.<\/p><p><strong>LA ESCENA<\/strong><\/p><p>14 Boulevard de la mission marchand<\/p><p>92400 COURBEVOIE<br \/>Tel\u00e9fono: 09.56.09.99.09<br \/>Correo electr\u00f3nico: contact@eauxdouces78.fr<br \/>R.C.S. Nanterre B 529 898 066<\/p><p>SIRET: 52989806600046<br \/>Director de la publicaci\u00f3n:<br \/>Jak Ulusoy<\/p><p><strong>WEBMASTER<\/strong><\/p><p>Este sitio est\u00e1 alojado en :<\/p><p><strong>Hostinger<\/strong><\/p><p>Operaciones HOSTINGER, UAB<\/p><p>\u0160vitrigailos str. 34, Vilnius 03230 Lituania<\/p><p><strong>CONFIDENCIALIDAD Y PROTECCI\u00d3N DE DATOS<\/strong><\/p><p>De conformidad con la Ley francesa de Protecci\u00f3n de Datos de 06 de enero 1978, usted puede modificar o eliminar sus datos de registro en cualquier momento. Dado que esta informaci\u00f3n es confidencial, LA SCENE se compromete a protegerla.<\/p><p>Usted dispone de un derecho de acceso, modificaci\u00f3n, rectificaci\u00f3n y supresi\u00f3n de los datos que le conciernen (art. 34 de la Ley Inform\u00e1tica y Libertades). Puede ejercer este derecho directamente en los sitios en cuesti\u00f3n o poni\u00e9ndose en contacto con nosotros:<\/p><p><strong>LA ESCENA<\/strong><\/p><p>14 Boulevard de la mission marchand<\/p><p>92400 COURBEVOIE<br \/>Tel\u00e9fono: 09.56.09.99.09<br \/>Correo electr\u00f3nico: contact@eauxdouces78.fr<\/p>\t\t\t\t\t\t\t\t<\/div>\n\t\t\t\t<\/div>\n\t\t\t\t\t<\/div>\n\t\t\t\t<\/div>\n\t\t\t\t<\/div>","protected":false},"excerpt":{"rendered":"<p>Informaci\u00f3n legal eauxdouces78.fr es publicado por LA SCENE. LA SCENE 14 Boulevard de la mission marchand 92400 COURBEVOIETel: 09.56.09.99.09E-mail: contact@eauxdouces78.frR.C.S. Nanterre B 529 898 066 SIRET: 52989806600046Director de la publicaci\u00f3n:Jak Ulusoy HOSTINGER Este sitio est\u00e1 alojado en : Hostinger HOSTINGER operations, UAB \u0160vitrigailos str. 34, Vilnius 03230 Lituania CONFIDENCIALIDAD Y PROTECCI\u00d3N DE DATOS De conformidad con la Ley francesa de Protecci\u00f3n de Datos de 06 de enero de 1978, usted puede modificar o eliminar sus datos de registro en cualquier momento. Dado que esta informaci\u00f3n es confidencial, LA SCENE se compromete a protegerla. Usted dispone de un derecho de acceso, modificaci\u00f3n, rectificaci\u00f3n y supresi\u00f3n de los datos que le conciernen (art. 34 de la Ley Inform\u00e1tica y Libertades). Puede ejercer este derecho directamente en los sitios correspondientes o poni\u00e9ndose en contacto con nosotros: LA SCENE 14 Boulevard de la mission marchand 92400 COURBEVOIETel: 09.56.09.99.09E-mail: contact@eauxdouces78.fr<\/p>","protected":false},"author":1,"featured_media":0,"parent":0,"menu_order":0,"comment_status":"closed","ping_status":"closed","template":"","meta":{"footnotes":""},"class_list":["post-1729","page","type-page","status-publish","hentry"],"yoast_head":"<!-- This site is optimized with the Yoast SEO plugin v27.5 - https:\/\/yoast.com\/product\/yoast-seo-wordpress\/ -->\n<title>Mentions l\u00e9gales - Eaux Douces<\/title>\n<meta name=\"robots\" content=\"noindex, nofollow\" \/>\n<meta property=\"og:locale\" content=\"es_ES\" \/>\n<meta property=\"og:type\" content=\"article\" \/>\n<meta property=\"og:title\" content=\"Mentions l\u00e9gales - Eaux Douces\" \/>\n<meta property=\"og:description\" content=\"Mentions l\u00e9gales eauxdouces78.fr est \u00e9dit\u00e9 par la soci\u00e9t\u00e9 LA SCENE. LA SCENE 14 Boulevard de la mission marchand 92400 COURBEVOIET\u00e9l. : 09.56.09.99.09E-mail : contact@eauxdouces78.frR.C.S. Nanterre B 529 898 066 SIRET\u00a0: 52989806600046Directeur de la Publication :Jak Ulusoy HEBERGEUR Ce site est h\u00e9berg\u00e9 par : Hostinger HOSTINGER operations, UAB \u0160vitrigailos str. 34, Vilnius 03230 Lithuania CONFIDENTIALITE ET PROTECTION DES DONNEES Conform\u00e9ment \u00e0 la loi informatique et libert\u00e9s du 06 janvier 1978, vous pouvez \u00e0 tout moment modifier ou supprimer les renseignements li\u00e9s \u00e0 votre inscription. Ces informations vous concernant \u00e9tant confidentielles,\u00a0LA SCENE s\u2019engage \u00e0 les prot\u00e9ger. Vous disposez d\u2019un droit d\u2019acc\u00e8s, de modification, de rectification et de suppression des donn\u00e9es qui vous concernent (art. 34 de la loi \u00ab\u00a0Informatique et Libert\u00e9s\u00a0\u00bb). Vous pouvez exercer ce droit directement sur les sites concern\u00e9s ou en nous contactant : LA SCENE 14 Boulevard de la mission marchand 92400 COURBEVOIET\u00e9l. : 09.56.09.99.09E-mail : contact@eauxdouces78.fr\" \/>\n<meta property=\"og:url\" content=\"https:\/\/eauxdouces78.fr\/es\/mentions-legales\/\" \/>\n<meta property=\"og:site_name\" content=\"Eaux Douces\" \/>\n<meta property=\"article:modified_time\" content=\"2025-02-19T11:46:43+00:00\" \/>\n<meta name=\"twitter:card\" content=\"summary_large_image\" \/>\n<meta name=\"twitter:label1\" content=\"Tiempo de lectura\" \/>\n\t<meta name=\"twitter:data1\" content=\"1 minuto\" \/>\n<script type=\"application\/ld+json\" class=\"yoast-schema-graph\">{\"@context\":\"https:\\\/\\\/schema.org\",\"@graph\":[{\"@type\":\"WebPage\",\"@id\":\"https:\\\/\\\/eauxdouces78.fr\\\/mentions-legales\\\/\",\"url\":\"https:\\\/\\\/eauxdouces78.fr\\\/mentions-legales\\\/\",\"name\":\"Mentions l\u00e9gales - Eaux Douces\",\"isPartOf\":{\"@id\":\"https:\\\/\\\/eauxdouces78.fr\\\/#website\"},\"datePublished\":\"2024-11-25T17:47:40+00:00\",\"dateModified\":\"2025-02-19T11:46:43+00:00\",\"breadcrumb\":{\"@id\":\"https:\\\/\\\/eauxdouces78.fr\\\/mentions-legales\\\/#breadcrumb\"},\"inLanguage\":\"es\",\"potentialAction\":[{\"@type\":\"ReadAction\",\"target\":[\"https:\\\/\\\/eauxdouces78.fr\\\/mentions-legales\\\/\"]}]},{\"@type\":\"BreadcrumbList\",\"@id\":\"https:\\\/\\\/eauxdouces78.fr\\\/mentions-legales\\\/#breadcrumb\",\"itemListElement\":[{\"@type\":\"ListItem\",\"position\":1,\"name\":\"Accueil\",\"item\":\"https:\\\/\\\/eauxdouces78.fr\\\/\"},{\"@type\":\"ListItem\",\"position\":2,\"name\":\"Mentions l\u00e9gales\"}]},{\"@type\":\"WebSite\",\"@id\":\"https:\\\/\\\/eauxdouces78.fr\\\/#website\",\"url\":\"https:\\\/\\\/eauxdouces78.fr\\\/\",\"name\":\"Eaux Douces\",\"description\":\"Chez vous ailleurs...\",\"publisher\":{\"@id\":\"https:\\\/\\\/eauxdouces78.fr\\\/#organization\"},\"potentialAction\":[{\"@type\":\"SearchAction\",\"target\":{\"@type\":\"EntryPoint\",\"urlTemplate\":\"https:\\\/\\\/eauxdouces78.fr\\\/?s={search_term_string}\"},\"query-input\":{\"@type\":\"PropertyValueSpecification\",\"valueRequired\":true,\"valueName\":\"search_term_string\"}}],\"inLanguage\":\"es\"},{\"@type\":\"Organization\",\"@id\":\"https:\\\/\\\/eauxdouces78.fr\\\/#organization\",\"name\":\"Eaux Douces\",\"url\":\"https:\\\/\\\/eauxdouces78.fr\\\/\",\"logo\":{\"@type\":\"ImageObject\",\"inLanguage\":\"es\",\"@id\":\"https:\\\/\\\/eauxdouces78.fr\\\/#\\\/schema\\\/logo\\\/image\\\/\",\"url\":\"https:\\\/\\\/eauxdouces78.fr\\\/wp-content\\\/uploads\\\/2025\\\/01\\\/cropped-logo-eaux-douces-final-e1737733171310.png\",\"contentUrl\":\"https:\\\/\\\/eauxdouces78.fr\\\/wp-content\\\/uploads\\\/2025\\\/01\\\/cropped-logo-eaux-douces-final-e1737733171310.png\",\"width\":710,\"height\":228,\"caption\":\"Eaux Douces\"},\"image\":{\"@id\":\"https:\\\/\\\/eauxdouces78.fr\\\/#\\\/schema\\\/logo\\\/image\\\/\"}}]}<\/script>\n<!-- \/ Yoast SEO plugin. -->","yoast_head_json":{"title":"Mentions l\u00e9gales - Eaux Douces","robots":{"index":"noindex","follow":"nofollow"},"og_locale":"es_ES","og_type":"article","og_title":"Mentions l\u00e9gales - Eaux Douces","og_description":"Mentions l\u00e9gales eauxdouces78.fr est \u00e9dit\u00e9 par la soci\u00e9t\u00e9 LA SCENE. LA SCENE 14 Boulevard de la mission marchand 92400 COURBEVOIET\u00e9l. : 09.56.09.99.09E-mail : contact@eauxdouces78.frR.C.S. Nanterre B 529 898 066 SIRET\u00a0: 52989806600046Directeur de la Publication :Jak Ulusoy HEBERGEUR Ce site est h\u00e9berg\u00e9 par : Hostinger HOSTINGER operations, UAB \u0160vitrigailos str. 34, Vilnius 03230 Lithuania CONFIDENTIALITE ET PROTECTION DES DONNEES Conform\u00e9ment \u00e0 la loi informatique et libert\u00e9s du 06 janvier 1978, vous pouvez \u00e0 tout moment modifier ou supprimer les renseignements li\u00e9s \u00e0 votre inscription. Ces informations vous concernant \u00e9tant confidentielles,\u00a0LA SCENE s\u2019engage \u00e0 les prot\u00e9ger. Vous disposez d\u2019un droit d\u2019acc\u00e8s, de modification, de rectification et de suppression des donn\u00e9es qui vous concernent (art. 34 de la loi \u00ab\u00a0Informatique et Libert\u00e9s\u00a0\u00bb). Vous pouvez exercer ce droit directement sur les sites concern\u00e9s ou en nous contactant : LA SCENE 14 Boulevard de la mission marchand 92400 COURBEVOIET\u00e9l. : 09.56.09.99.09E-mail : contact@eauxdouces78.fr","og_url":"https:\/\/eauxdouces78.fr\/es\/mentions-legales\/","og_site_name":"Eaux Douces","article_modified_time":"2025-02-19T11:46:43+00:00","twitter_card":"summary_large_image","twitter_misc":{"Tiempo de lectura":"1 minuto"},"schema":{"@context":"https:\/\/schema.org","@graph":[{"@type":"WebPage","@id":"https:\/\/eauxdouces78.fr\/mentions-legales\/","url":"https:\/\/eauxdouces78.fr\/mentions-legales\/","name":"Mentions l\u00e9gales - Eaux Douces","isPartOf":{"@id":"https:\/\/eauxdouces78.fr\/#website"},"datePublished":"2024-11-25T17:47:40+00:00","dateModified":"2025-02-19T11:46:43+00:00","breadcrumb":{"@id":"https:\/\/eauxdouces78.fr\/mentions-legales\/#breadcrumb"},"inLanguage":"es","potentialAction":[{"@type":"ReadAction","target":["https:\/\/eauxdouces78.fr\/mentions-legales\/"]}]},{"@type":"BreadcrumbList","@id":"https:\/\/eauxdouces78.fr\/mentions-legales\/#breadcrumb","itemListElement":[{"@type":"ListItem","position":1,"name":"Accueil","item":"https:\/\/eauxdouces78.fr\/"},{"@type":"ListItem","position":2,"name":"Mentions l\u00e9gales"}]},{"@type":"WebSite","@id":"https:\/\/eauxdouces78.fr\/#website","url":"https:\/\/eauxdouces78.fr\/","name":"Agua dulce","description":"En casa, en otra parte...","publisher":{"@id":"https:\/\/eauxdouces78.fr\/#organization"},"potentialAction":[{"@type":"SearchAction","target":{"@type":"EntryPoint","urlTemplate":"https:\/\/eauxdouces78.fr\/?s={search_term_string}"},"query-input":{"@type":"PropertyValueSpecification","valueRequired":true,"valueName":"search_term_string"}}],"inLanguage":"es"},{"@type":"Organization","@id":"https:\/\/eauxdouces78.fr\/#organization","name":"Agua dulce","url":"https:\/\/eauxdouces78.fr\/","logo":{"@type":"ImageObject","inLanguage":"es","@id":"https:\/\/eauxdouces78.fr\/#\/schema\/logo\/image\/","url":"https:\/\/eauxdouces78.fr\/wp-content\/uploads\/2025\/01\/cropped-logo-eaux-douces-final-e1737733171310.png","contentUrl":"https:\/\/eauxdouces78.fr\/wp-content\/uploads\/2025\/01\/cropped-logo-eaux-douces-final-e1737733171310.png","width":710,"height":228,"caption":"Eaux Douces"},"image":{"@id":"https:\/\/eauxdouces78.fr\/#\/schema\/logo\/image\/"}}]}},"_links":{"self":[{"href":"https:\/\/eauxdouces78.fr\/es\/wp-json\/wp\/v2\/pages\/1729","targetHints":{"allow":["GET"]}}],"collection":[{"href":"https:\/\/eauxdouces78.fr\/es\/wp-json\/wp\/v2\/pages"}],"about":[{"href":"https:\/\/eauxdouces78.fr\/es\/wp-json\/wp\/v2\/types\/page"}],"author":[{"embeddable":true,"href":"https:\/\/eauxdouces78.fr\/es\/wp-json\/wp\/v2\/users\/1"}],"replies":[{"embeddable":true,"href":"https:\/\/eauxdouces78.fr\/es\/wp-json\/wp\/v2\/comments?post=1729"}],"version-history":[{"count":13,"href":"https:\/\/eauxdouces78.fr\/es\/wp-json\/wp\/v2\/pages\/1729\/revisions"}],"predecessor-version":[{"id":1999,"href":"https:\/\/eauxdouces78.fr\/es\/wp-json\/wp\/v2\/pages\/1729\/revisions\/1999"}],"wp:attachment":[{"href":"https:\/\/eauxdouces78.fr\/es\/wp-json\/wp\/v2\/media?parent=1729"}],"curies":[{"name":"wp","href":"https:\/\/api.w.org\/{rel}","templated":true}]}}